{"id":504,"date":"2025-04-02T12:32:21","date_gmt":"2025-04-02T10:32:21","guid":{"rendered":"https:\/\/friendsthun.ch\/mentions-legales\/"},"modified":"2025-04-29T16:24:10","modified_gmt":"2025-04-29T14:24:10","slug":"mentions-legales","status":"publish","type":"page","link":"https:\/\/friendsthun.ch\/fr\/mentions-legales\/","title":{"rendered":"Mentions l\u00e9gales"},"content":{"rendered":"\t\t<div data-elementor-type=\"wp-page\" data-elementor-id=\"504\" class=\"elementor elementor-504 elementor-39\" data-elementor-post-type=\"page\">\n\t\t\t\t\t\t<section class=\"elementor-section elementor-top-section elementor-element elementor-element-4ee423a1 elementor-section-full_width elementor-section-height-default elementor-section-height-default\" data-id=\"4ee423a1\" data-element_type=\"section\" data-e-type=\"section\">\n\t\t\t\t\t\t<div class=\"elementor-container elementor-column-gap-default\">\n\t\t\t\t\t<div class=\"elementor-column elementor-col-100 elementor-top-column elementor-element elementor-element-5703425b\" data-id=\"5703425b\" data-element_type=\"column\" data-e-type=\"column\" data-settings=\"{&quot;background_background&quot;:&quot;classic&quot;}\">\n\t\t\t<div class=\"elementor-widget-wrap elementor-element-populated\">\n\t\t\t\t\t<div class=\"elementor-background-overlay\"><\/div>\n\t\t\t\t\t\t<section class=\"elementor-section elementor-inner-section elementor-element elementor-element-72d0f275 elementor-section-boxed elementor-section-height-default elementor-section-height-default\" data-id=\"72d0f275\" data-element_type=\"section\" data-e-type=\"section\">\n\t\t\t\t\t\t<div class=\"elementor-container elementor-column-gap-default\">\n\t\t\t\t\t<div class=\"elementor-column elementor-col-100 elementor-inner-column elementor-element elementor-element-2fa63b90\" data-id=\"2fa63b90\" data-element_type=\"column\" data-e-type=\"column\" data-settings=\"{&quot;background_background&quot;:&quot;classic&quot;}\">\n\t\t\t<div class=\"elementor-widget-wrap elementor-element-populated\">\n\t\t\t\t\t\t<div class=\"elementor-element elementor-element-6329bbca elementor-invisible elementor-widget elementor-widget-heading\" data-id=\"6329bbca\" data-element_type=\"widget\" data-e-type=\"widget\" data-settings=\"{&quot;_animation&quot;:&quot;fadeInUp&quot;}\" data-widget_type=\"heading.default\">\n\t\t\t\t<div class=\"elementor-widget-container\">\n\t\t\t\t\t<h1 class=\"elementor-heading-title elementor-size-default\">Mentions l\u00e9gales<\/h1>\t\t\t\t<\/div>\n\t\t\t\t<\/div>\n\t\t\t\t<div class=\"elementor-element elementor-element-7f5e72a8 elementor-invisible elementor-widget elementor-widget-heading\" data-id=\"7f5e72a8\" data-element_type=\"widget\" data-e-type=\"widget\" data-settings=\"{&quot;_animation&quot;:&quot;fadeInUp&quot;,&quot;_animation_delay&quot;:200}\" data-widget_type=\"heading.default\">\n\t\t\t\t<div class=\"elementor-widget-container\">\n\t\t\t\t\t<h3 class=\"elementor-heading-title elementor-size-default\">Aspects juridiques. Clairs. Compr\u00e9hensibles. Transparents.   <\/h3>\t\t\t\t<\/div>\n\t\t\t\t<\/div>\n\t\t\t\t\t<\/div>\n\t\t<\/div>\n\t\t\t\t\t<\/div>\n\t\t<\/section>\n\t\t\t\t\t<\/div>\n\t\t<\/div>\n\t\t\t\t\t<\/div>\n\t\t<\/section>\n\t\t\t\t<section class=\"elementor-section elementor-top-section elementor-element elementor-element-62c6ed86 elementor-section-content-middle elementor-section-boxed elementor-section-height-default elementor-section-height-default\" data-id=\"62c6ed86\" data-element_type=\"section\" data-e-type=\"section\" data-settings=\"{&quot;background_background&quot;:&quot;classic&quot;}\">\n\t\t\t\t\t\t\t<div class=\"elementor-background-overlay\"><\/div>\n\t\t\t\t\t\t\t<div class=\"elementor-container elementor-column-gap-default\">\n\t\t\t\t\t<div class=\"elementor-column elementor-col-100 elementor-top-column elementor-element elementor-element-42efdd87 elementor-invisible\" data-id=\"42efdd87\" data-element_type=\"column\" data-e-type=\"column\" data-settings=\"{&quot;animation&quot;:&quot;fadeInLeft&quot;}\">\n\t\t\t<div class=\"elementor-widget-wrap elementor-element-populated\">\n\t\t\t\t\t\t<div class=\"elementor-element elementor-element-1e5ea417 elementor-widget elementor-widget-text-editor\" data-id=\"1e5ea417\" data-element_type=\"widget\" data-e-type=\"widget\" data-widget_type=\"text-editor.default\">\n\t\t\t\t<div class=\"elementor-widget-container\">\n\t\t\t\t\t\t\t\t\t<h3 class=\"\" data-start=\"186\" data-end=\"208\"><span style=\"color: #ffffff;\"><strong data-start=\"190\" data-end=\"206\">Friends Thun<\/strong><\/span><\/h3><p class=\"\" data-start=\"209\" data-end=\"268\">M\u00fchlibar Gastro GmbH<br data-start=\"229\" data-end=\"232\">Obere Hauptgasse 28<br data-start=\"244\" data-end=\"247\">3600 Thoune<br data-start=\"256\" data-end=\"259\">Suisse<\/p><p class=\"\" data-start=\"270\" data-end=\"443\">T\u00e9l\u00e9phone : +41 33 399 99 99<br data-start=\"298\" data-end=\"301\">Courriel : <a rel=\"noopener\" data-start=\"309\" data-end=\"331\">info@friendsthun.ch<\/a><br data-start=\"331\" data-end=\"334\">Num\u00e9ro du registre du commerce : CH-036.4.100.356-3<br data-start=\"373\" data-end=\"376\">Repr\u00e9sentants autoris\u00e9s : Flaki  Arijeta Isaki<\/p>\t\t\t\t\t\t\t\t<\/div>\n\t\t\t\t<\/div>\n\t\t\t\t<div class=\"elementor-element elementor-element-6ef6b0bb elementor-widget elementor-widget-text-editor\" data-id=\"6ef6b0bb\" data-element_type=\"widget\" data-e-type=\"widget\" data-widget_type=\"text-editor.default\">\n\t\t\t\t<div class=\"elementor-widget-container\">\n\t\t\t\t\t\t\t\t\t<h3 class=\"\" data-start=\"534\" data-end=\"576\"><span style=\"color: #ffffff;\"><strong data-start=\"538\" data-end=\"574\">Mise en \u0153uvre technique  conception web<\/strong><\/span><\/h3><p class=\"\" data-start=\"577\" data-end=\"684\">Webtrics GmbH<br data-start=\"590\" data-end=\"593\">Solutions num\u00e9riques pour la gastronomie  le commerce<br data-start=\"636\" data-end=\"639\"><a class=\"\" href=\"http:\/\/www.webtrics.ch\" target=\"_blank\" rel=\"noopener\" data-start=\"639\" data-end=\"654\">www.webtrics.ch<\/a><br data-start=\"654\" data-end=\"657\">Courriel : <a rel=\"noopener\" data-start=\"665\" data-end=\"684\">info@webtrics.ch<\/a><\/p>\t\t\t\t\t\t\t\t<\/div>\n\t\t\t\t<\/div>\n\t\t\t\t<div class=\"elementor-element elementor-element-4b78a3d elementor-widget elementor-widget-text-editor\" data-id=\"4b78a3d\" data-element_type=\"widget\" data-e-type=\"widget\" data-widget_type=\"text-editor.default\">\n\t\t\t\t<div class=\"elementor-widget-container\">\n\t\t\t\t\t\t\t\t\t<h3 class=\"\" data-start=\"691\" data-end=\"719\"><span style=\"color: #ffffff;\"><strong data-start=\"695\" data-end=\"717\">Clause de non-responsabilit\u00e9<\/strong><\/span><\/h3><p class=\"\" data-start=\"720\" data-end=\"973\">Tous les contenus de ce site web ont \u00e9t\u00e9 cr\u00e9\u00e9s avec le plus grand soin. Nous ne pouvons cependant garantir l&rsquo;exactitude, l&rsquo;exhaustivit\u00e9 et l&rsquo;actualit\u00e9 des contenus. L&rsquo;acc\u00e8s au site web et son utilisation se font sous votre propre responsabilit\u00e9.  <\/p>\t\t\t\t\t\t\t\t<\/div>\n\t\t\t\t<\/div>\n\t\t\t\t<div class=\"elementor-element elementor-element-4cadc2f elementor-widget elementor-widget-text-editor\" data-id=\"4cadc2f\" data-element_type=\"widget\" data-e-type=\"widget\" data-widget_type=\"text-editor.default\">\n\t\t\t\t<div class=\"elementor-widget-container\">\n\t\t\t\t\t\t\t\t\t<h3 class=\"\" data-start=\"980\" data-end=\"1003\"><span style=\"color: #ffffff;\"><strong data-start=\"984\" data-end=\"1001\">Droits d&rsquo;auteur<\/strong><\/span><\/h3><p class=\"\" data-start=\"1004\" data-end=\"1186\">Tous les contenus, images et textes de ce site web sont prot\u00e9g\u00e9s par le droit d&rsquo;auteur. Leur utilisation, reproduction ou diffusion sans autorisation expresse est interdite. <\/p>\t\t\t\t\t\t\t\t<\/div>\n\t\t\t\t<\/div>\n\t\t\t\t\t<\/div>\n\t\t<\/div>\n\t\t\t\t\t<\/div>\n\t\t<\/section>\n\t\t\t\t<\/div>\n\t\t","protected":false},"excerpt":{"rendered":"<p>Aspects juridiques. Clairs. Compr\u00e9hensibles. Transparents. Friends Thun M\u00fchlibar Gastro GmbHObere Hauptgasse 283600 ThouneSuisse T\u00e9l\u00e9phone : +41 33 399 99 99Courriel : info@friendsthun.chNum\u00e9ro du registre du commerce : CH-036.4.100.356-3Repr\u00e9sentants autoris\u00e9s : Flaki Arijeta Isaki Mise en \u0153uvre technique conception web Webtrics GmbHSolutions num\u00e9riques pour la gastronomie le commercewww.webtrics.chCourriel : info@webtrics.ch Clause de non-responsabilit\u00e9 Tous les contenus [&hellip;]<\/p>\n","protected":false},"author":1,"featured_media":0,"parent":0,"menu_order":11,"comment_status":"closed","ping_status":"closed","template":"","meta":{"inline_featured_image":false,"footnotes":""},"class_list":["post-504","page","type-page","status-publish","hentry"],"_links":{"self":[{"href":"https:\/\/friendsthun.ch\/fr\/wp-json\/wp\/v2\/pages\/504","targetHints":{"allow":["GET"]}}],"collection":[{"href":"https:\/\/friendsthun.ch\/fr\/wp-json\/wp\/v2\/pages"}],"about":[{"href":"https:\/\/friendsthun.ch\/fr\/wp-json\/wp\/v2\/types\/page"}],"author":[{"embeddable":true,"href":"https:\/\/friendsthun.ch\/fr\/wp-json\/wp\/v2\/users\/1"}],"replies":[{"embeddable":true,"href":"https:\/\/friendsthun.ch\/fr\/wp-json\/wp\/v2\/comments?post=504"}],"version-history":[{"count":1,"href":"https:\/\/friendsthun.ch\/fr\/wp-json\/wp\/v2\/pages\/504\/revisions"}],"predecessor-version":[{"id":505,"href":"https:\/\/friendsthun.ch\/fr\/wp-json\/wp\/v2\/pages\/504\/revisions\/505"}],"wp:attachment":[{"href":"https:\/\/friendsthun.ch\/fr\/wp-json\/wp\/v2\/media?parent=504"}],"curies":[{"name":"wp","href":"https:\/\/api.w.org\/{rel}","templated":true}]}}